{"id":22,"date":"2022-11-04T18:46:10","date_gmt":"2022-11-04T18:46:10","guid":{"rendered":"https:\/\/lucieduclosart.com\/?page_id=22"},"modified":"2026-04-17T09:02:53","modified_gmt":"2026-04-17T09:02:53","slug":"contact","status":"publish","type":"page","link":"https:\/\/lucieduclosart.com\/en\/contact\/","title":{"rendered":"CONTACT"},"content":{"rendered":"\t\t<div data-elementor-type=\"wp-page\" data-elementor-id=\"22\" class=\"elementor elementor-22\">\n\t\t\t\t\t\t<section class=\"elementor-section elementor-top-section elementor-element elementor-element-199a02d elementor-section-boxed elementor-section-height-default elementor-section-height-default\" data-id=\"199a02d\" data-element_type=\"section\" data-e-type=\"section\">\n\t\t\t\t\t\t<div class=\"elementor-container elementor-column-gap-default\">\n\t\t\t\t\t<div class=\"elementor-column elementor-col-100 elementor-top-column elementor-element elementor-element-aeb82f1\" data-id=\"aeb82f1\" data-element_type=\"column\" data-e-type=\"column\">\n\t\t\t<div class=\"elementor-widget-wrap elementor-element-populated\">\n\t\t\t\t\t\t<div class=\"elementor-element elementor-element-752951f elementor-widget elementor-widget-text-editor\" data-id=\"752951f\" data-element_type=\"widget\" data-e-type=\"widget\" data-widget_type=\"text-editor.default\">\n\t\t\t\t<div class=\"elementor-widget-container\">\n\t\t\t\t\t\t\t\t\t<p>Au plaisir de collaborer !<\/p>\t\t\t\t\t\t\t\t<\/div>\n\t\t\t\t<\/div>\n\t\t\t\t<div class=\"elementor-element elementor-element-b7f22ca elementor-widget elementor-widget-spacer\" data-id=\"b7f22ca\" data-element_type=\"widget\" data-e-type=\"widget\" data-widget_type=\"spacer.default\">\n\t\t\t\t<div class=\"elementor-widget-container\">\n\t\t\t\t\t\t\t<div class=\"elementor-spacer\">\n\t\t\t<div class=\"elementor-spacer-inner\"><\/div>\n\t\t<\/div>\n\t\t\t\t\t\t<\/div>\n\t\t\t\t<\/div>\n\t\t\t\t<div class=\"elementor-element elementor-element-a2d90e6 elementor-widget elementor-widget-text-editor\" data-id=\"a2d90e6\" data-element_type=\"widget\" data-e-type=\"widget\" data-widget_type=\"text-editor.default\">\n\t\t\t\t<div class=\"elementor-widget-container\">\n\t\t\t\t\t\t\t\t\t<p>Pour discuter de votre projet et connaitre mes disponibilit\u00e9s et tarifs,\u00a0<\/p><p>n\u2019h\u00e9sitez pas \u00e0 me contacter \u00e0 l\u2019adresse <strong>dcls.lucie@gmail.com<\/strong>\u00a0<\/p><p>ou utiliser le formulaire ci-dessous.<br \/><br \/><\/p><p>N&rsquo;h\u00e9sitez pas non plus \u00e0 me contacter pour toute question, commentaire ou tout simplement pour dire bonjour. Je me ferai un plaisir de vous r\u00e9pondre !<\/p><p>Pour rester inform\u00e9, je vous invite \u00e0 me suivre sur les r\u00e9seaux sociaux<\/p><p>Merci de votre visite !\u00a0<\/p>\t\t\t\t\t\t\t\t<\/div>\n\t\t\t\t<\/div>\n\t\t\t\t\t<\/div>\n\t\t<\/div>\n\t\t\t\t\t<\/div>\n\t\t<\/section>\n\t\t\t\t<section class=\"elementor-section elementor-top-section elementor-element elementor-element-a95968a elementor-section-boxed elementor-section-height-default elementor-section-height-default\" data-id=\"a95968a\" data-element_type=\"section\" data-e-type=\"section\">\n\t\t\t\t\t\t<div class=\"elementor-container elementor-column-gap-default\">\n\t\t\t\t\t<div class=\"elementor-column elementor-col-100 elementor-top-column elementor-element elementor-element-eed951a\" data-id=\"eed951a\" data-element_type=\"column\" data-e-type=\"column\">\n\t\t\t<div class=\"elementor-widget-wrap elementor-element-populated\">\n\t\t\t\t\t\t<div class=\"elementor-element elementor-element-172ba30 elementor-widget elementor-widget-spacer\" data-id=\"172ba30\" data-element_type=\"widget\" data-e-type=\"widget\" data-widget_type=\"spacer.default\">\n\t\t\t\t<div class=\"elementor-widget-container\">\n\t\t\t\t\t\t\t<div class=\"elementor-spacer\">\n\t\t\t<div class=\"elementor-spacer-inner\"><\/div>\n\t\t<\/div>\n\t\t\t\t\t\t<\/div>\n\t\t\t\t<\/div>\n\t\t\t\t\t<\/div>\n\t\t<\/div>\n\t\t\t\t\t<\/div>\n\t\t<\/section>\n\t\t\t\t<section class=\"elementor-section elementor-top-section elementor-element elementor-element-18295e3 elementor-section-boxed elementor-section-height-default elementor-section-height-default\" data-id=\"18295e3\" data-element_type=\"section\" data-e-type=\"section\">\n\t\t\t\t\t\t<div class=\"elementor-container elementor-column-gap-default\">\n\t\t\t\t\t<div class=\"elementor-column elementor-col-100 elementor-top-column elementor-element elementor-element-09c5ceb\" data-id=\"09c5ceb\" data-element_type=\"column\" data-e-type=\"column\">\n\t\t\t<div class=\"elementor-widget-wrap elementor-element-populated\">\n\t\t\t\t\t\t<div class=\"elementor-element elementor-element-b891b45 elementor-widget elementor-widget-shortcode\" data-id=\"b891b45\" data-element_type=\"widget\" data-e-type=\"widget\" data-widget_type=\"shortcode.default\">\n\t\t\t\t<div class=\"elementor-widget-container\">\n\t\t\t\t\t\t\t<div class=\"elementor-shortcode\"><div class='fluentform ff-default fluentform_wrapper_4 ffs_default_wrap'><form data-form_id=\"4\" id=\"fluentform_4\" class=\"frm-fluent-form fluent_form_4 ff-el-form-top ff_form_instance_4_1 ff-form-loading ffs_default\" data-form_instance=\"ff_form_instance_4_1\" method=\"POST\" ><fieldset  style=\"border: none!important;margin: 0!important;padding: 0!important;background-color: transparent!important;box-shadow: none!important;outline: none!important; min-inline-size: 100%;\">\n                    <legend class=\"ff_screen_reader_title\" style=\"display: block; margin: 0!important;padding: 0!important;height: 0!important;text-indent: -999999px;width: 0!important;overflow:hidden;\">Order form (fr version)<\/legend><input type='hidden' name='__fluent_form_embded_post_id' value='22' \/><input type=\"hidden\" id=\"_fluentform_4_fluentformnonce\" name=\"_fluentform_4_fluentformnonce\" value=\"8894518290\" \/><input type=\"hidden\" name=\"_wp_http_referer\" value=\"\/en\/wp-json\/wp\/v2\/pages\/22\" \/><div data-type=\"name-element\" data-name=\"names\" class=\" ff-field_container ff-name-field-wrapper\" ><div class='ff-t-container'><div class='ff-t-cell '><div class='ff-el-group ff-el-form-top'><div class=\"ff-el-input--label ff-el-is-required asterisk-right\"><label for='ff_4_names_first_name_' id='label_ff_4_names_first_name_' >Votre Pr\u00e9nom<\/label><\/div><div class='ff-el-input--content'><input type=\"text\" name=\"names[first_name]\" id=\"ff_4_names_first_name_\" class=\"ff-el-form-control\" placeholder=\"Pr\u00e9nom\" aria-invalid=\"false\" aria-required=true><\/div><\/div><\/div><div class='ff-t-cell '><div class='ff-el-group ff-el-form-top'><div class=\"ff-el-input--label asterisk-right\"><label for='ff_4_names_last_name_' id='label_ff_4_names_last_name_' >Nom<\/label><\/div><div class='ff-el-input--content'><input type=\"text\" name=\"names[last_name]\" id=\"ff_4_names_last_name_\" class=\"ff-el-form-control\" placeholder=\"Nom\" aria-invalid=\"false\" aria-required=false><\/div><\/div><\/div><\/div><\/div><div class='ff-el-group'><div class=\"ff-el-input--label ff-el-is-required asterisk-right\"><label for='ff_4_email' id='label_ff_4_email' aria-label=\"E-mail\">E-mail<\/label><\/div><div class='ff-el-input--content'><input type=\"email\" name=\"email\" id=\"ff_4_email\" class=\"ff-el-form-control\" placeholder=\"votre.adresse@gmail.com\" data-name=\"email\"  aria-invalid=\"false\" aria-required=true><\/div><\/div><div class='ff-el-group'><div class=\"ff-el-input--label ff-el-is-required asterisk-right\"><label for='ff_4_description' id='label_ff_4_description' aria-label=\"Votre message\">Votre message<\/label><\/div><div class='ff-el-input--content'><textarea aria-required=\"true\" aria-labelledby=\"label_ff_4_description\" name=\"description\" id=\"ff_4_description\" class=\"ff-el-form-control\" rows=\"3\" cols=\"2\" data-name=\"description\" ><\/textarea><\/div><\/div><div class='ff-el-group ff-text-center ff_submit_btn_wrapper'><button type=\"submit\" class=\"ff-btn ff-btn-submit ff-btn-md ff_btn_style wpf_has_custom_css\"  aria-label=\"Envoyer ma demande !\">Envoyer ma demande !<\/button><\/div><\/fieldset><\/form><div id='fluentform_4_errors' class='ff-errors-in-stack ff_form_instance_4_1 ff-form-loading_errors ff_form_instance_4_1_errors'><\/div><\/div>            <script type=\"text\/javascript\">\n                window.fluent_form_ff_form_instance_4_1 = {\"id\":\"4\",\"ajaxUrl\":\"https:\\\/\\\/lucieduclosart.com\\\/wp-admin\\\/admin-ajax.php\",\"settings\":{\"layout\":{\"labelPlacement\":\"top\",\"helpMessagePlacement\":\"with_label\",\"errorMessagePlacement\":\"inline\",\"cssClassName\":\"\",\"asteriskPlacement\":\"asterisk-right\"},\"restrictions\":{\"denyEmptySubmission\":{\"enabled\":false}}},\"form_instance\":\"ff_form_instance_4_1\",\"form_id_selector\":\"fluentform_4\",\"rules\":{\"names[first_name]\":{\"required\":{\"value\":true,\"message\":\"This field is required\",\"global_message\":\"Ce champ est obligatoire\",\"global\":true}},\"names[middle_name]\":{\"required\":{\"value\":false,\"message\":\"This field is required\",\"global_message\":\"Ce champ est obligatoire\",\"global\":true}},\"names[last_name]\":{\"required\":{\"value\":false,\"message\":\"This field is required\",\"global_message\":\"Ce champ est obligatoire\",\"global\":true}},\"email\":{\"required\":{\"value\":true,\"message\":\"Ce champ est obligatoire\",\"global\":false,\"global_message\":\"Ce champ est obligatoire\"},\"email\":{\"value\":true,\"message\":\"E-mail is required !\",\"global\":false,\"global_message\":\"Ce champ doit contenir un e-mail valide\"}},\"description\":{\"required\":{\"value\":true,\"message\":\"This field is required\",\"global_message\":\"Ce champ est obligatoire\",\"global\":true}}},\"debounce_time\":300};\n                            <\/script>\n            <\/div>\n\t\t\t\t\t\t<\/div>\n\t\t\t\t<\/div>\n\t\t\t\t\t<\/div>\n\t\t<\/div>\n\t\t\t\t\t<\/div>\n\t\t<\/section>\n\t\t\t\t<section class=\"elementor-section elementor-top-section elementor-element elementor-element-40df221 elementor-section-boxed elementor-section-height-default elementor-section-height-default\" data-id=\"40df221\" data-element_type=\"section\" data-e-type=\"section\">\n\t\t\t\t\t\t<div class=\"elementor-container elementor-column-gap-default\">\n\t\t\t\t\t<div class=\"elementor-column elementor-col-100 elementor-top-column elementor-element elementor-element-c560893\" data-id=\"c560893\" data-element_type=\"column\" data-e-type=\"column\">\n\t\t\t<div class=\"elementor-widget-wrap elementor-element-populated\">\n\t\t\t\t\t\t<div class=\"elementor-element elementor-element-7643084 elementor-widget elementor-widget-spacer\" data-id=\"7643084\" data-element_type=\"widget\" data-e-type=\"widget\" data-widget_type=\"spacer.default\">\n\t\t\t\t<div class=\"elementor-widget-container\">\n\t\t\t\t\t\t\t<div class=\"elementor-spacer\">\n\t\t\t<div class=\"elementor-spacer-inner\"><\/div>\n\t\t<\/div>\n\t\t\t\t\t\t<\/div>\n\t\t\t\t<\/div>\n\t\t\t\t\t<\/div>\n\t\t<\/div>\n\t\t\t\t\t<\/div>\n\t\t<\/section>\n\t\t\t\t<section class=\"elementor-section elementor-top-section elementor-element elementor-element-cfc4905 elementor-section-full_width elementor-section-stretched elementor-section-height-default elementor-section-height-default\" data-id=\"cfc4905\" data-element_type=\"section\" data-e-type=\"section\" data-settings=\"{&quot;stretch_section&quot;:&quot;section-stretched&quot;}\">\n\t\t\t\t\t\t<div class=\"elementor-container elementor-column-gap-default\">\n\t\t\t\t\t<div class=\"elementor-column elementor-col-100 elementor-top-column elementor-element elementor-element-0a74696\" data-id=\"0a74696\" data-element_type=\"column\" data-e-type=\"column\">\n\t\t\t<div class=\"elementor-widget-wrap elementor-element-populated\">\n\t\t\t\t\t\t<div class=\"elementor-element elementor-element-f475f1e elementor-widget-divider--view-line elementor-widget elementor-widget-divider\" data-id=\"f475f1e\" data-element_type=\"widget\" data-e-type=\"widget\" data-widget_type=\"divider.default\">\n\t\t\t\t<div class=\"elementor-widget-container\">\n\t\t\t\t\t\t\t<div class=\"elementor-divider\">\n\t\t\t<span class=\"elementor-divider-separator\">\n\t\t\t\t\t\t<\/span>\n\t\t<\/div>\n\t\t\t\t\t\t<\/div>\n\t\t\t\t<\/div>\n\t\t\t\t\t<\/div>\n\t\t<\/div>\n\t\t\t\t\t<\/div>\n\t\t<\/section>\n\t\t\t\t<\/div>\n\t\t","protected":false},"excerpt":{"rendered":"<p>Au plaisir de collaborer ! Pour discuter de votre projet et connaitre mes disponibilit\u00e9s et tarifs,\u00a0 n\u2019h\u00e9sitez pas \u00e0 me contacter \u00e0 l\u2019adresse dcls.lucie@gmail.com\u00a0 ou utiliser le formulaire ci-dessous. N&rsquo;h\u00e9sitez pas non plus \u00e0 me contacter pour toute question, commentaire ou tout simplement pour dire bonjour. Je me ferai un plaisir de vous r\u00e9pondre ! &hellip; <\/p>","protected":false},"author":1,"featured_media":0,"parent":0,"menu_order":0,"comment_status":"closed","ping_status":"closed","template":"","meta":{"_eb_attr":"","_vp_format_video_url":"","_vp_image_focal_point":[],"footnotes":""},"class_list":["post-22","page","type-page","status-publish","hentry"],"yoast_head":"<!-- This site is optimized with the Yoast SEO plugin v27.4 - https:\/\/yoast.com\/product\/yoast-seo-wordpress\/ -->\n<title>CONTACT -<\/title>\n<meta name=\"robots\" content=\"index, follow, max-snippet:-1, max-image-preview:large, max-video-preview:-1\" \/>\n<link rel=\"canonical\" href=\"https:\/\/lucieduclosart.com\/en\/contact\/\" \/>\n<meta property=\"og:locale\" content=\"en_US\" \/>\n<meta property=\"og:type\" content=\"article\" \/>\n<meta property=\"og:title\" content=\"CONTACT -\" \/>\n<meta property=\"og:description\" content=\"Au plaisir de collaborer ! Pour discuter de votre projet et connaitre mes disponibilit\u00e9s et tarifs,\u00a0 n\u2019h\u00e9sitez pas \u00e0 me contacter \u00e0 l\u2019adresse dcls.lucie@gmail.com\u00a0 ou utiliser le formulaire ci-dessous. N&rsquo;h\u00e9sitez pas non plus \u00e0 me contacter pour toute question, commentaire ou tout simplement pour dire bonjour. Je me ferai un plaisir de vous r\u00e9pondre ! &hellip;\" \/>\n<meta property=\"og:url\" content=\"https:\/\/lucieduclosart.com\/en\/contact\/\" \/>\n<meta property=\"article:modified_time\" content=\"2026-04-17T09:02:53+00:00\" \/>\n<meta name=\"twitter:card\" content=\"summary_large_image\" \/>\n<meta name=\"twitter:label1\" content=\"Est. reading time\" \/>\n\t<meta name=\"twitter:data1\" content=\"1 minute\" \/>\n<script type=\"application\/ld+json\" class=\"yoast-schema-graph\">{\"@context\":\"https:\\\/\\\/schema.org\",\"@graph\":[{\"@type\":\"WebPage\",\"@id\":\"https:\\\/\\\/lucieduclosart.com\\\/contact\\\/\",\"url\":\"https:\\\/\\\/lucieduclosart.com\\\/contact\\\/\",\"name\":\"CONTACT -\",\"isPartOf\":{\"@id\":\"https:\\\/\\\/lucieduclosart.com\\\/#website\"},\"datePublished\":\"2022-11-04T18:46:10+00:00\",\"dateModified\":\"2026-04-17T09:02:53+00:00\",\"inLanguage\":\"en-US\",\"potentialAction\":[{\"@type\":\"ReadAction\",\"target\":[\"https:\\\/\\\/lucieduclosart.com\\\/contact\\\/\"]}]},{\"@type\":\"WebSite\",\"@id\":\"https:\\\/\\\/lucieduclosart.com\\\/#website\",\"url\":\"https:\\\/\\\/lucieduclosart.com\\\/\",\"name\":\"\",\"description\":\"\",\"potentialAction\":[{\"@type\":\"SearchAction\",\"target\":{\"@type\":\"EntryPoint\",\"urlTemplate\":\"https:\\\/\\\/lucieduclosart.com\\\/?s={search_term_string}\"},\"query-input\":{\"@type\":\"PropertyValueSpecification\",\"valueRequired\":true,\"valueName\":\"search_term_string\"}}],\"inLanguage\":\"en-US\"}]}<\/script>\n<!-- \/ Yoast SEO plugin. -->","yoast_head_json":{"title":"CONTACT -","robots":{"index":"index","follow":"follow","max-snippet":"max-snippet:-1","max-image-preview":"max-image-preview:large","max-video-preview":"max-video-preview:-1"},"canonical":"https:\/\/lucieduclosart.com\/en\/contact\/","og_locale":"en_US","og_type":"article","og_title":"CONTACT -","og_description":"Au plaisir de collaborer ! Pour discuter de votre projet et connaitre mes disponibilit\u00e9s et tarifs,\u00a0 n\u2019h\u00e9sitez pas \u00e0 me contacter \u00e0 l\u2019adresse dcls.lucie@gmail.com\u00a0 ou utiliser le formulaire ci-dessous. N&rsquo;h\u00e9sitez pas non plus \u00e0 me contacter pour toute question, commentaire ou tout simplement pour dire bonjour. Je me ferai un plaisir de vous r\u00e9pondre ! &hellip;","og_url":"https:\/\/lucieduclosart.com\/en\/contact\/","article_modified_time":"2026-04-17T09:02:53+00:00","twitter_card":"summary_large_image","twitter_misc":{"Est. reading time":"1 minute"},"schema":{"@context":"https:\/\/schema.org","@graph":[{"@type":"WebPage","@id":"https:\/\/lucieduclosart.com\/contact\/","url":"https:\/\/lucieduclosart.com\/contact\/","name":"CONTACT -","isPartOf":{"@id":"https:\/\/lucieduclosart.com\/#website"},"datePublished":"2022-11-04T18:46:10+00:00","dateModified":"2026-04-17T09:02:53+00:00","inLanguage":"en-US","potentialAction":[{"@type":"ReadAction","target":["https:\/\/lucieduclosart.com\/contact\/"]}]},{"@type":"WebSite","@id":"https:\/\/lucieduclosart.com\/#website","url":"https:\/\/lucieduclosart.com\/","name":"","description":"","potentialAction":[{"@type":"SearchAction","target":{"@type":"EntryPoint","urlTemplate":"https:\/\/lucieduclosart.com\/?s={search_term_string}"},"query-input":{"@type":"PropertyValueSpecification","valueRequired":true,"valueName":"search_term_string"}}],"inLanguage":"en-US"}]}},"_links":{"self":[{"href":"https:\/\/lucieduclosart.com\/en\/wp-json\/wp\/v2\/pages\/22","targetHints":{"allow":["GET"]}}],"collection":[{"href":"https:\/\/lucieduclosart.com\/en\/wp-json\/wp\/v2\/pages"}],"about":[{"href":"https:\/\/lucieduclosart.com\/en\/wp-json\/wp\/v2\/types\/page"}],"author":[{"embeddable":true,"href":"https:\/\/lucieduclosart.com\/en\/wp-json\/wp\/v2\/users\/1"}],"replies":[{"embeddable":true,"href":"https:\/\/lucieduclosart.com\/en\/wp-json\/wp\/v2\/comments?post=22"}],"version-history":[{"count":162,"href":"https:\/\/lucieduclosart.com\/en\/wp-json\/wp\/v2\/pages\/22\/revisions"}],"predecessor-version":[{"id":4059,"href":"https:\/\/lucieduclosart.com\/en\/wp-json\/wp\/v2\/pages\/22\/revisions\/4059"}],"wp:attachment":[{"href":"https:\/\/lucieduclosart.com\/en\/wp-json\/wp\/v2\/media?parent=22"}],"curies":[{"name":"wp","href":"https:\/\/api.w.org\/{rel}","templated":true}]}}